{"id":58,"date":"2026-03-13T11:28:15","date_gmt":"2026-03-13T11:28:15","guid":{"rendered":"http:\/\/www.karamanhotel.com\/?page_id=58"},"modified":"2026-03-13T11:51:29","modified_gmt":"2026-03-13T11:51:29","slug":"iletisim","status":"publish","type":"page","link":"https:\/\/www.karamanhotel.com\/index.php\/iletisim\/","title":{"rendered":"\u0130leti\u015fim"},"content":{"rendered":"\n<p>Aksaray Mahallesi \u0130nkilap Caddesi No:39 Fatih\/\u0130stanbul<\/p>\n\n\n\n<p><\/p>\n\n\n<div class='wpgmza_map_wrapper'><div id=\"wpgmza_map_block_1\" class=\"wpgmza_map wpgmza_standalone_map_block wpgmza-auto-center\" style=\"display:block;width:100%;height:400px;overflow:hidden;position:relative;\" data-maps-engine=\"open-layers\" data-build-engine=\"standalone-block\" data-icon=\"https:\/\/www.karamanhotel.com\/wp-content\/plugins\/wp-go-maps-block\/images\/icon.png\" data-lat=\"41.0082314\" data-lng=\"28.9517399\" data-zoom=\"\" data-address=\"\u0130nk\u0131lap Caddesi, Yenikap\u0131, Aksaray Mahallesi, \u0130stanbul, Fatih, \u0130stanbul, Marmara B\u00f6lgesi, 34096, T\u00fcrkiye\" data-infowindow-mode=\"click\" ><\/div><\/div>","protected":false},"excerpt":{"rendered":"<p>Aksaray Mahallesi \u0130nkilap Caddesi No:39 Fatih\/\u0130stanbul<\/p>\n","protected":false},"author":1,"featured_media":0,"parent":0,"menu_order":0,"comment_status":"closed","ping_status":"closed","template":"","meta":{"footnotes":""},"class_list":["post-58","page","type-page","status-publish","hentry"],"_links":{"self":[{"href":"https:\/\/www.karamanhotel.com\/index.php\/wp-json\/wp\/v2\/pages\/58","targetHints":{"allow":["GET"]}}],"collection":[{"href":"https:\/\/www.karamanhotel.com\/index.php\/wp-json\/wp\/v2\/pages"}],"about":[{"href":"https:\/\/www.karamanhotel.com\/index.php\/wp-json\/wp\/v2\/types\/page"}],"author":[{"embeddable":true,"href":"https:\/\/www.karamanhotel.com\/index.php\/wp-json\/wp\/v2\/users\/1"}],"replies":[{"embeddable":true,"href":"https:\/\/www.karamanhotel.com\/index.php\/wp-json\/wp\/v2\/comments?post=58"}],"version-history":[{"count":3,"href":"https:\/\/www.karamanhotel.com\/index.php\/wp-json\/wp\/v2\/pages\/58\/revisions"}],"predecessor-version":[{"id":69,"href":"https:\/\/www.karamanhotel.com\/index.php\/wp-json\/wp\/v2\/pages\/58\/revisions\/69"}],"wp:attachment":[{"href":"https:\/\/www.karamanhotel.com\/index.php\/wp-json\/wp\/v2\/media?parent=58"}],"curies":[{"name":"wp","href":"https:\/\/api.w.org\/{rel}","templated":true}]}}